{"id":1058,"date":"2017-11-21T14:21:22","date_gmt":"2017-11-21T14:21:22","guid":{"rendered":"http:\/\/ovirtual.cl\/gm\/?page_id=1058"},"modified":"2018-08-14T13:11:04","modified_gmt":"2018-08-14T13:11:04","slug":"manual-de-evaluaciones","status":"publish","type":"page","link":"https:\/\/www.liceoexperimentalgabrielamistral.cl\/?page_id=1058","title":{"rendered":"Manual de Evaluaciones"},"content":{"rendered":"<p><span style=\"color: #000000;\"><b>Manual de Evaluaciones<\/b><\/span><\/p>\n<p><img loading=\"lazy\" decoding=\"async\" class=\"\" src=\"http:\/\/tics.org.mx\/share\/evaluaciones-en-linea.jpg\" alt=\"Resultado de imagen para EVALUACIONES.\" width=\"360\" height=\"236\" \/><\/p>\n<p>El Liceo Gabriela Mistral, consecuente con el ideario de su Proyecto<br \/>\nEducativo Institucional, que propicia un proceso educativo capaz de responder a los<br \/>\nnuevos requerimientos sociales de una sociedad en continuo cambio, formando<br \/>\npersonas aut\u00f3nomas, eficientes y responsables, capaces de enfrentar y resolver<br \/>\nsituaciones, dise\u00f1a el reglamento de evaluaci\u00f3n centrando la atenci\u00f3n en el<br \/>\naprendizaje del alumno m\u00e1s que en su instrucci\u00f3n; adem\u00e1s se destaca que la<br \/>\nevaluaci\u00f3n tendr\u00e1 una funci\u00f3n pedag\u00f3gica y no sancionadora de conductas.<\/p>\n<p>Visualiza la evaluaci\u00f3n como un mecanismo retroalimentador que permite al<br \/>\neducador adecuar sus estrategias pedag\u00f3gicas a los ritmos de aprendizaje de sus<br \/>\neducandos y le permite al alumno medir sus propios aprendizajes y participar en<br \/>\nforma activa del proceso evaluativo, ofreci\u00e9ndole la posibilidad de auto-evaluarse y<br \/>\nco-evaluar a sus pares, ambas instancias favorecen su crecimiento personal al<br \/>\nvalorar sus esfuerzos y considerarse como responsables del aprendizaje individual y<br \/>\ngrupal.<\/p>\n<p>Al dise\u00f1ar este reglamento interno de evaluaci\u00f3n importa principalmente los<br \/>\nbeneficios que este pueda tener para favorecer el aprendizaje significativo y la<br \/>\nadquisici\u00f3n de conductas estables de parte del alumno, un proceso a trav\u00e9s del cual<br \/>\nse observa, recoge y analiza informaci\u00f3n relevante, respecto del proceso de<br \/>\naprendizaje de los estudiantes, con la finalidad de reflexionar, emitir juicios de valor<br \/>\ny tomar decisiones pertinentes y oportunas para optimizarlo<\/p>\n<h1><a href=\"https:\/\/www.liceoexperimentalgabrielamistral.cl\/wp-content\/uploads\/2018\/08\/REGLAMENTO-DE-EVALUACION-Y-PROMOCION-2017.pdf\">Manual de Evaluaciones<\/a><\/h1>\n","protected":false},"excerpt":{"rendered":"<p>Manual de Evaluaciones El Liceo Gabriela Mistral, consecuente con el ideario de su Proyecto Educativo Institucional, que propicia un proceso educativo capaz de responder a los nuevos requerimientos sociales de una sociedad en continuo cambio, formando personas aut\u00f3nomas, eficientes y responsables, capaces de enfrentar y resolver situaciones, dise\u00f1a el reglamento de evaluaci\u00f3n centrando la atenci\u00f3n [&hellip;]<\/p>\n","protected":false},"author":7,"featured_media":0,"parent":0,"menu_order":0,"comment_status":"closed","ping_status":"closed","template":"","meta":{"pagelayer_contact_templates":[],"_pagelayer_content":"","footnotes":""},"class_list":["post-1058","page","type-page","status-publish","hentry"],"_links":{"self":[{"href":"https:\/\/www.liceoexperimentalgabrielamistral.cl\/index.php?rest_route=\/wp\/v2\/pages\/1058","targetHints":{"allow":["GET"]}}],"collection":[{"href":"https:\/\/www.liceoexperimentalgabrielamistral.cl\/index.php?rest_route=\/wp\/v2\/pages"}],"about":[{"href":"https:\/\/www.liceoexperimentalgabrielamistral.cl\/index.php?rest_route=\/wp\/v2\/types\/page"}],"author":[{"embeddable":true,"href":"https:\/\/www.liceoexperimentalgabrielamistral.cl\/index.php?rest_route=\/wp\/v2\/users\/7"}],"replies":[{"embeddable":true,"href":"https:\/\/www.liceoexperimentalgabrielamistral.cl\/index.php?rest_route=%2Fwp%2Fv2%2Fcomments&post=1058"}],"version-history":[{"count":2,"href":"https:\/\/www.liceoexperimentalgabrielamistral.cl\/index.php?rest_route=\/wp\/v2\/pages\/1058\/revisions"}],"predecessor-version":[{"id":2394,"href":"https:\/\/www.liceoexperimentalgabrielamistral.cl\/index.php?rest_route=\/wp\/v2\/pages\/1058\/revisions\/2394"}],"wp:attachment":[{"href":"https:\/\/www.liceoexperimentalgabrielamistral.cl\/index.php?rest_route=%2Fwp%2Fv2%2Fmedia&parent=1058"}],"curies":[{"name":"wp","href":"https:\/\/api.w.org\/{rel}","templated":true}]}}