{"id":2369,"date":"2018-08-14T12:15:56","date_gmt":"2018-08-14T12:15:56","guid":{"rendered":"http:\/\/www.liceoexperimentalgabrielamistral.cl\/?page_id=2369"},"modified":"2021-08-04T16:38:20","modified_gmt":"2021-08-04T16:38:20","slug":"media","status":"publish","type":"page","link":"https:\/\/www.liceoexperimentalgabrielamistral.cl\/?page_id=2369","title":{"rendered":"Educaci\u00f3n Media"},"content":{"rendered":"\n<p> <strong>Tabla de Jefaturas. <\/strong> <\/p>\n\n\n\n<figure class=\"wp-block-table\"><table><tbody><tr><td> <strong>N\u00b0<\/strong> <\/td><td> <strong>Curso<\/strong> <\/td><td> <strong> Docente<\/strong><\/td><td> <strong> Docente PIE.<\/strong> <\/td><td> <strong>Especialistas<\/strong> <\/td><\/tr><tr><td>18<\/td><td>7 \u00b0 <\/td><td> Alejandro L\u00f3pez.<\/td><td> Danitza Viveros.<\/td><td>  Psic\u00f3logo en todas las jornadas.  <\/td><\/tr><tr><td>19<\/td><td>7 \u00b0 <\/td><td> <\/td><td> Danitza Viveros. <\/td><td>  Psic\u00f3logo en todas las jornadas.  <\/td><\/tr><tr><td>20<\/td><td>8 \u00b0 <\/td><td> Mar\u00eda Jos\u00e9 Cid.<\/td><td> Danitza Viveros. <\/td><td>  Psic\u00f3logo en todas las jornadas.  <\/td><\/tr><tr><td>21<\/td><td>8 \u00b0 <\/td><td>El\u00edas Espinoza.<\/td><td> Cristina Poblete <\/td><td>  Psic\u00f3logo en todas las jornadas.  <\/td><\/tr><tr><td>22<\/td><td>I  \u00b0 <\/td><td>Tania Soto.<\/td><td> Cristina Poblete <\/td><td>  Psic\u00f3logo en todas las jornadas.  <\/td><\/tr><tr><td>23<\/td><td>I  \u00b0 <\/td><td>Yarenia Arriagada.<\/td><td> Cristina Poblete <\/td><td>  Psic\u00f3logo en todas las jornadas.  <\/td><\/tr><tr><td>24<\/td><td>II \u00b0 <\/td><td>Naomi Duarte.<\/td><td>  Aracelli Cerda. <\/td><td>  Psic\u00f3logo en todas las jornadas.  <\/td><\/tr><tr><td>25<\/td><td>II \u00b0 <\/td><td>Fernando Jorquera.<\/td><td>  Stefani Fredes <\/td><td>  Psic\u00f3logo en todas las jornadas.  <\/td><\/tr><tr><td>26<\/td><td>III \u00b0 <\/td><td>Juan Kurtovic.<\/td><td>  Aracelli Cerda. <\/td><td>  Psic\u00f3logo en todas las jornadas.  <\/td><\/tr><tr><td>27<\/td><td>III \u00b0 <\/td><td>Daniela Vargas.<\/td><td>  Aracelli Cerda. <\/td><td>  Psic\u00f3logo en todas las jornadas.  <\/td><\/tr><tr><td>28<\/td><td>IV \u00b0 <\/td><td>V\u00edctor Castro.<\/td><td> Stefani Fredes <\/td><td>  Psic\u00f3logo en todas las jornadas.  <\/td><\/tr><tr><td>29<\/td><td>IV \u00b0 <\/td><td>Claudio P\u00e9rez. <\/td><td> Stefani Fredes <\/td><td>  Psic\u00f3logo en todas las jornadas.  <\/td><\/tr><\/tbody><\/table><\/figure>\n\n\n\n<p><strong><em>Yanela Arriaga Torres.<\/em><\/strong><\/p>\n\n\n\n<p><strong><em>Daniela Vargas Fuentes.<\/em><\/strong><\/p>\n\n\n\n<p><strong><em>Naomi Duarte Puebla.<\/em><\/strong><\/p>\n\n\n\n<p><strong><em>Tania Soto Norambuena.<\/em><\/strong><\/p>\n\n\n\n<p><strong><em>Juan Kurtovic \u00c1lvarez.<\/em><\/strong><\/p>\n\n\n\n<p><strong><em>Fernando Jorquera Becker.<\/em><\/strong><\/p>\n\n\n\n<p><strong><em>H\u00e9ctor Mu\u00f1oz Ortega.<\/em><\/strong><\/p>\n\n\n\n<p><em><strong>Victor Araya.<\/strong><\/em><\/p>\n\n\n\n<p><em><strong>Yasmin Carabante<\/strong><\/em><\/p>\n\n\n\n<p><strong>&nbsp;<em>Mar\u00eda Jos\u00e9 Cid Carrasco<\/em><\/strong>.<\/p>\n\n\n\n<p><strong><em>V\u00edctor Carrasco.<\/em><\/strong><\/p>\n\n\n\n<p><strong><em>Luis Fuentes.<\/em><\/strong><\/p>\n\n\n\n<p><strong><em>Pilar Pincheira.<\/em><\/strong><\/p>\n\n\n\n<p><strong><em>Osvaldo Gonz\u00e1lez.<\/em><\/strong><\/p>\n\n\n\n<p><strong><em>Mar\u00eca De Los Angeles Poblete Monsalve<\/em>.<\/strong><\/p>\n\n\n\n<p><strong><em>Olga Hernandez.<\/em><\/strong><\/p>\n\n\n\n<p><strong><em>Rosa Georgina Acevedo Soto.<\/em><\/strong><\/p>\n\n\n\n<p><strong><em>Elizabeth Valeska Horta Sepulveda.<\/em><\/strong><\/p>\n\n\n\n<p><strong><em>Danitza Viveros.<\/em><\/strong><\/p>\n\n\n\n<p><strong><em>Tania Maria Mu\u00f1oz Pavlov.<\/em><\/strong><\/p>\n\n\n\n<p><strong><em>Araceli Cerda.<\/em><\/strong><\/p>\n\n\n\n<p><strong><em>Claudio Perez.<\/em><\/strong><\/p>\n\n\n\n<p><strong><em>Elias Espinoza.<\/em><\/strong><\/p>\n\n\n\n<p><strong><em>Isabel Mu\u00f1oz.<\/em><\/strong><\/p>\n\n\n\n<p><strong><em>Nixa Poblete.<\/em><\/strong><\/p>\n\n\n\n<p><strong><em>Stephanie Fredes.<\/em><\/strong><\/p>\n\n\n\n<p><strong><em>Lilian Ot\u00e1rola Molina:&nbsp;&nbsp;&nbsp;&nbsp;&nbsp;&nbsp;&nbsp;&nbsp;&nbsp;&nbsp;&nbsp;&nbsp;&nbsp;&nbsp;&nbsp;&nbsp;&nbsp;&nbsp; Ingles.<\/em><\/strong><\/p>\n\n\n\n<p><strong><em>Omar Sep\u00falveda Pino:&nbsp;&nbsp;&nbsp;&nbsp;&nbsp;&nbsp;&nbsp;&nbsp;&nbsp;&nbsp;&nbsp;&nbsp;&nbsp;&nbsp;&nbsp;&nbsp; Matem\u00e1ticas.<\/em><\/strong><\/p>\n\n\n\n<p><strong><em>Mario Lorca Marchant:&nbsp;&nbsp;&nbsp;&nbsp;&nbsp;&nbsp;&nbsp;&nbsp;&nbsp;&nbsp;&nbsp;&nbsp;&nbsp;&nbsp;&nbsp;&nbsp; Taller PSU.<\/em><\/strong><\/p>\n\n\n\n<p><strong><em>Nancy Navarrete Valenzuela:&nbsp;&nbsp; Biolog\u00eda.<\/em><\/strong><\/p>\n\n\n\n<p><strong><em>V\u00edctor Castro Ben\u00edtez:&nbsp;&nbsp;&nbsp;&nbsp;&nbsp;&nbsp;&nbsp;&nbsp;&nbsp;&nbsp;&nbsp;&nbsp;&nbsp;&nbsp;&nbsp;&nbsp;&nbsp;&nbsp; Lenguaje.<\/em><\/strong><\/p>\n","protected":false},"excerpt":{"rendered":"<p>Tabla de Jefaturas. N\u00b0 Curso Docente Docente PIE. Especialistas 18 7 \u00b0 Alejandro L\u00f3pez. Danitza Viveros. Psic\u00f3logo en todas las jornadas. 19 7 \u00b0 Danitza Viveros. Psic\u00f3logo en todas las jornadas. 20 8 \u00b0 Mar\u00eda Jos\u00e9 Cid. Danitza Viveros. Psic\u00f3logo en todas las jornadas. 21 8 \u00b0 El\u00edas Espinoza. Cristina Poblete Psic\u00f3logo en todas las [&hellip;]<\/p>\n","protected":false},"author":7,"featured_media":0,"parent":0,"menu_order":0,"comment_status":"closed","ping_status":"closed","template":"","meta":{"pagelayer_contact_templates":[],"_pagelayer_content":"","footnotes":""},"class_list":["post-2369","page","type-page","status-publish","hentry"],"_links":{"self":[{"href":"https:\/\/www.liceoexperimentalgabrielamistral.cl\/index.php?rest_route=\/wp\/v2\/pages\/2369","targetHints":{"allow":["GET"]}}],"collection":[{"href":"https:\/\/www.liceoexperimentalgabrielamistral.cl\/index.php?rest_route=\/wp\/v2\/pages"}],"about":[{"href":"https:\/\/www.liceoexperimentalgabrielamistral.cl\/index.php?rest_route=\/wp\/v2\/types\/page"}],"author":[{"embeddable":true,"href":"https:\/\/www.liceoexperimentalgabrielamistral.cl\/index.php?rest_route=\/wp\/v2\/users\/7"}],"replies":[{"embeddable":true,"href":"https:\/\/www.liceoexperimentalgabrielamistral.cl\/index.php?rest_route=%2Fwp%2Fv2%2Fcomments&post=2369"}],"version-history":[{"count":19,"href":"https:\/\/www.liceoexperimentalgabrielamistral.cl\/index.php?rest_route=\/wp\/v2\/pages\/2369\/revisions"}],"predecessor-version":[{"id":4233,"href":"https:\/\/www.liceoexperimentalgabrielamistral.cl\/index.php?rest_route=\/wp\/v2\/pages\/2369\/revisions\/4233"}],"wp:attachment":[{"href":"https:\/\/www.liceoexperimentalgabrielamistral.cl\/index.php?rest_route=%2Fwp%2Fv2%2Fmedia&parent=2369"}],"curies":[{"name":"wp","href":"https:\/\/api.w.org\/{rel}","templated":true}]}}