{"id":363,"date":"2017-09-25T20:04:15","date_gmt":"2017-09-25T20:04:15","guid":{"rendered":"http:\/\/ovirtual.cl\/gm\/?page_id=363"},"modified":"2026-03-05T10:00:56","modified_gmt":"2026-03-05T13:00:56","slug":"rectoria","status":"publish","type":"page","link":"https:\/\/www.liceoexperimentalgabrielamistral.cl\/?page_id=363","title":{"rendered":"Equipo Directivo y de Gesti\u00f3n:"},"content":{"rendered":"\n<p><\/p>\n\n\n<p><strong>Integrantes:<\/strong><\/p>\n<p><!-- \/wp:post-content --><\/p>\n<p><!-- wp:group {\"layout\":{\"type\":\"constrained\"}} --><\/p>\n<p><b><br \/><!-- wp:paragraph --><strong>Director:<\/strong><\/b><\/p>\n<p><strong>MARIO LOPEZ SAGREDO<\/strong> Contacto: <a href=\"mailto:acastro@liceogabrielamistral.cl\">mlopez@liceogabrielamistral.cl<\/a><\/p>\n<p><strong>\u00a0<\/strong><\/p>\n<p><strong>Inspectores Generales:<\/strong><\/p>\n<p><!-- \/wp:paragraph --><\/p>\n<p><!-- wp:paragraph --><\/p>\n<p><strong>Inspector de Educaci\u00f3n Media: <\/strong><\/p>\n<p><!-- \/wp:paragraph --><\/p>\n<p><!-- wp:paragraph --><\/p>\n<p><strong>Jorge Orme\u00f1o Espinoza<\/strong> Contacto: <a href=\"mailto:jormenoespinoza@liceogabrielamistral.cl\">jormenoespinoza@liceogabrielamistral.cl<\/a><\/p>\n<p><!-- \/wp:paragraph --><\/p>\n<p><!-- wp:paragraph --><\/p>\n<p><strong>Inspector de Educaci\u00f3n de P\u00e1rvulos y Educaci\u00f3n B\u00e1sica: <\/strong><\/p>\n<p><!-- \/wp:paragraph --><\/p>\n<p><!-- wp:paragraph --><\/p>\n<p><strong>Delia Oro Ram\u00edrez <\/strong>Contacto:<a href=\"mailto:doro@liceogabrielamistral.cl\"> doro@liceogabrielamistral.cl<\/a><\/p>\n<p><!-- \/wp:paragraph --><\/p>\n<p><!-- wp:paragraph --><\/p>\n<p><strong>\u00a0<\/strong><strong>Inspector Educaci\u00f3n Vespertina (EPJA): <\/strong><\/p>\n<p><!-- \/wp:paragraph --><\/p>\n<p><!-- wp:paragraph --><\/p>\n<p><strong>Marcelo Soto Carvajal<\/strong> Contacto: <a href=\"mailto:msoto@liceogabrielamistral.cl\">msoto@liceogabrielamistral.cl<\/a><\/p>\n<p>&nbsp;<\/p>\n<p><!-- \/wp:paragraph --><\/p>\n<p><!-- wp:paragraph --><\/p>\n<p><!-- \/wp:paragraph --><\/p>\n<p><!-- wp:paragraph \/--><\/p>\n<p><!-- wp:paragraph --><strong>Jefe U.T.P:<\/strong><\/p>\n<p><strong>Jefe U.T.P Educaci\u00f3n Media: <\/strong><\/p>\n<p><!-- \/wp:paragraph --><\/p>\n<p><!-- wp:paragraph --><\/p>\n<p><strong>Elizabet Horta<\/strong> Contacto: <a href=\"mailto:rcampos@liceogabrielamistral.cl\">ehorta@liceogabrielamistral.cl<\/a><\/p>\n<p><!-- \/wp:paragraph --><\/p>\n<p><!-- wp:paragraph --><\/p>\n<p><strong>\u00a0<\/strong><strong>Jefe U.T.P. Educaci\u00f3n de P\u00e1rvulos y Educaci\u00f3n B\u00e1sica: <\/strong><\/p>\n<p><!-- \/wp:paragraph --><\/p>\n<p><!-- wp:paragraph --><\/p>\n<p><!-- \/wp:paragraph --><\/p>\n<p><!-- wp:paragraph --><\/p>\n<p><strong>Margarita Gonzales Espinosa. <\/strong>Contacto: <a href=\"mailto:jpdiaz@liceogabrielamistral.cl\">magonzalez@liceogabrielamistral.cl<\/a><\/p>\n<p><!-- \/wp:paragraph --><\/p>\n<p><!-- wp:paragraph --><\/p>\n<p><strong>\u00a0<\/strong><strong>Jefe UTP Educaci\u00f3n Vespertina (EPJA):<\/strong><\/p>\n<p><!-- \/wp:paragraph --><\/p>\n<p><!-- wp:paragraph --><\/p>\n<p><strong>Gabriela D\u00edaz Zenteno<\/strong> Contacto: <a href=\"mailto:gdiaz@liceogabrielamistral.cl\">gdiaz@liceogabrielamistral.cl<\/a><\/p>\n<p><!-- \/wp:paragraph --><\/p>\n<p><!-- wp:paragraph --><\/p>\n<p>&nbsp;<\/p>\n<p><strong>Convivencia Educativa<\/strong>:<\/p>\n<p><!-- \/wp:paragraph --><\/p>\n<p><!-- wp:paragraph --><\/p>\n<p><strong>Convivencia Escolar Educaci\u00f3n Media:<\/strong><\/p>\n<p><!-- \/wp:paragraph --><\/p>\n<p><!-- wp:paragraph --><\/p>\n<p><strong>Denisse Gonz\u00e1lez Rodr\u00edguez<\/strong> Contacto: <a href=\"mailto:dgonzalez@liceogabrielamistral.cl\">dgonzalez@liceogabrielamistral.cl<\/a><\/p>\n<p><!-- \/wp:paragraph --><\/p>\n<p><!-- wp:paragraph --><\/p>\n<p><strong>\u00a0<\/strong><strong>Convivencia Escolar Educaci\u00f3n de P\u00e1rvulos, Educaci\u00f3n B\u00e1sica y<br \/>Vinculaci\u00f3n Vespertina (EPJA): <\/strong><\/p>\n<p><!-- \/wp:paragraph --><\/p>\n<p><!-- wp:paragraph --><\/p>\n<p><strong>Tania Mu\u00f1oz Pavlov<\/strong> Contacto: <a href=\"mailto:tmunoz@liceogabrielamistral.cl\">tmunoz@liceogabrielamistral.cl<\/a><\/p>\n<p>&nbsp;<\/p>\n<p><strong>Orientaci\u00f3n:<\/strong><\/p>\n<p><!-- \/wp:paragraph --><\/p>\n<p><!-- wp:paragraph --><\/p>\n<p><!-- \/wp:paragraph --><\/p>\n<p><!-- wp:paragraph --><\/p>\n<p><strong>Orientadora de Educaci\u00f3n Media:<\/strong><\/p>\n<p><!-- \/wp:paragraph --><\/p>\n<p><!-- wp:paragraph --><\/p>\n<p><strong>Claudia Santis Moraga <\/strong>Contacto: <a href=\"mailto:csantis@liceogabrielamistral.cl\">csantis@liceogabrielamistral.cl<\/a><\/p>\n<p><!-- \/wp:paragraph --><\/p>\n<p><!-- wp:paragraph --><\/p>\n<p><strong>\u00a0<\/strong><\/p>\n<p><strong>Coordinaci\u00f3n PIE:<\/strong><\/p>\n<p><!-- \/wp:paragraph --><\/p>\n<p><!-- wp:paragraph --><\/p>\n<p><strong>Coordinadora en Educaci\u00f3n Media y Educaci\u00f3n Vespertina:<\/strong><\/p>\n<p><!-- \/wp:paragraph --><\/p>\n<p><!-- wp:paragraph --><\/p>\n<p><strong>Ma. In\u00e9s Morales Montenegro<\/strong> Contacto: <a href=\"mailto:mmorales@liceogabrielamistral.cl\">mmorales@liceogabrielamistral.cl<\/a><\/p>\n<p><!-- \/wp:paragraph --><\/p>\n<p><!-- wp:paragraph --><\/p>\n<p><strong>\u00a0<\/strong><strong>Coordinadora en Educaci\u00f3n de P\u00e1rvulos y Educaci\u00f3n B\u00e1sica:<\/strong><\/p>\n<p><!-- \/wp:paragraph --><\/p>\n<p><!-- wp:paragraph --><\/p>\n<p><strong>Heidy Bustos Fajardo <\/strong>Contacto: <a href=\"mailto:hbustos@liceogabrielamistral.cl\">hbustos@liceogabrielamistral.cl<\/a><\/p>\n<p><!-- \/wp:paragraph --><\/p>\n<p><!-- wp:paragraph --><\/p>\n<p><!-- \/wp:paragraph --><\/p>\n<p><!-- wp:paragraph --><\/p>\n<p><strong>\u00a0<\/strong><\/p>\n<p><!-- \/wp:paragraph --><\/p>\n<p><!-- wp:paragraph \/--><\/p>\n<p><!-- wp:paragraph --><\/p>\n<p><strong>Equipo de Gesti\u00f3n:<\/strong><\/p>\n<p><!-- \/wp:paragraph --><\/p>\n<p><!-- wp:paragraph --><\/p>\n<p><strong>Lo conforman:<\/strong><\/p>\n<p><!-- \/wp:paragraph --><\/p>\n<p><!-- wp:paragraph --><\/p>\n<p><strong>&#8211; Equipo Directivo (<\/strong>Director, Inspectores Generales y Jefes de UTP).<\/p>\n<p><!-- \/wp:paragraph --><\/p>\n<p><!-- wp:paragraph --><\/p>\n<p><strong>&#8211; Equipo de Convivencia<\/strong> (Ed. Media, Ed. de P\u00e1rvulos, Ed. de B\u00e1sica y vinculaci\u00f3n<br \/>EPJA).<\/p>\n<p><!-- \/wp:paragraph --><\/p>\n<p><!-- wp:paragraph --><\/p>\n<p><strong>-Equipo de Orientaci\u00f3n<\/strong> (Ed. Media).<\/p>\n<p><!-- \/wp:paragraph --><\/p>\n<p><!-- wp:paragraph --><\/p>\n<p>&nbsp;<\/p>\n<p><!-- \/wp:paragraph --><\/p>","protected":false},"excerpt":{"rendered":"<p>Integrantes: Director: MARIO LOPEZ SAGREDO Contacto: mlopez@liceogabrielamistral.cl \u00a0 Inspectores Generales: Inspector de Educaci\u00f3n Media: Jorge Orme\u00f1o Espinoza Contacto: jormenoespinoza@liceogabrielamistral.cl Inspector de Educaci\u00f3n de P\u00e1rvulos y Educaci\u00f3n B\u00e1sica: Delia Oro Ram\u00edrez Contacto: doro@liceogabrielamistral.cl \u00a0Inspector Educaci\u00f3n Vespertina (EPJA): Marcelo Soto Carvajal Contacto: msoto@liceogabrielamistral.cl &nbsp; Jefe U.T.P: Jefe U.T.P Educaci\u00f3n Media: Elizabet Horta Contacto: ehorta@liceogabrielamistral.cl \u00a0Jefe U.T.P. Educaci\u00f3n [&hellip;]<\/p>\n","protected":false},"author":7,"featured_media":0,"parent":0,"menu_order":0,"comment_status":"closed","ping_status":"closed","template":"","meta":{"pagelayer_contact_templates":[],"_pagelayer_content":"","footnotes":""},"class_list":["post-363","page","type-page","status-publish","hentry"],"_links":{"self":[{"href":"https:\/\/www.liceoexperimentalgabrielamistral.cl\/index.php?rest_route=\/wp\/v2\/pages\/363","targetHints":{"allow":["GET"]}}],"collection":[{"href":"https:\/\/www.liceoexperimentalgabrielamistral.cl\/index.php?rest_route=\/wp\/v2\/pages"}],"about":[{"href":"https:\/\/www.liceoexperimentalgabrielamistral.cl\/index.php?rest_route=\/wp\/v2\/types\/page"}],"author":[{"embeddable":true,"href":"https:\/\/www.liceoexperimentalgabrielamistral.cl\/index.php?rest_route=\/wp\/v2\/users\/7"}],"replies":[{"embeddable":true,"href":"https:\/\/www.liceoexperimentalgabrielamistral.cl\/index.php?rest_route=%2Fwp%2Fv2%2Fcomments&post=363"}],"version-history":[{"count":74,"href":"https:\/\/www.liceoexperimentalgabrielamistral.cl\/index.php?rest_route=\/wp\/v2\/pages\/363\/revisions"}],"predecessor-version":[{"id":7684,"href":"https:\/\/www.liceoexperimentalgabrielamistral.cl\/index.php?rest_route=\/wp\/v2\/pages\/363\/revisions\/7684"}],"wp:attachment":[{"href":"https:\/\/www.liceoexperimentalgabrielamistral.cl\/index.php?rest_route=%2Fwp%2Fv2%2Fmedia&parent=363"}],"curies":[{"name":"wp","href":"https:\/\/api.w.org\/{rel}","templated":true}]}}