{"id":3934,"date":"2021-05-07T17:15:58","date_gmt":"2021-05-07T17:15:58","guid":{"rendered":"https:\/\/www.liceoexperimentalgabrielamistral.cl\/?page_id=3934"},"modified":"2021-07-06T19:18:23","modified_gmt":"2021-07-06T19:18:23","slug":"clases-online-liceo-gabriela-mistral","status":"publish","type":"page","link":"https:\/\/www.liceoexperimentalgabrielamistral.cl\/?page_id=3934","title":{"rendered":"Gu\u00edas para Estudiantes."},"content":{"rendered":"\n<p><strong>Gu\u00edas de estudio Liceo Gabriela Mistral.<\/strong><\/p>\n\n\n\n<figure class=\"wp-block-image\"><a href=\"http:\/\/liceogabrielamistra2020l.blogspot.com\/\"><img decoding=\"async\" src=\"https:\/\/dev-res.thumbr.io\/libraries\/26\/00\/64\/lib\/1484918571676_1.jpg?size=854x493s&amp;ext=jpg\" alt=\"Aprende a crear tu propia gu\u00eda para la atenci\u00f3n al cliente online y offline\"\/><\/a><\/figure>\n\n\n\n<p>Aqu\u00ed encontraras no solo los enlaces a los recursos online de nuestra comunidad educativa, adem\u00e1s podr\u00e1s descargar las gu\u00edas, documentos y retroalimentarte con tus profesores. <\/p>\n\n\n\n<p><strong>Haz clic en los enlaces:<\/strong><\/p>\n\n\n\n<p><a href=\"http:\/\/liceogabrielamistra2020l.blogspot.com\/\" data-type=\"URL\" data-id=\"http:\/\/liceogabrielamistra2020l.blogspot.com\/\" target=\"_blank\" rel=\"noreferrer noopener\">Gu\u00edas para los Estudiantes del Liceo Gabriela Mistral<\/a><\/p>\n","protected":false},"excerpt":{"rendered":"<p>Gu\u00edas de estudio Liceo Gabriela Mistral. Aqu\u00ed encontraras no solo los enlaces a los recursos online de nuestra comunidad educativa, adem\u00e1s podr\u00e1s descargar las gu\u00edas, documentos y retroalimentarte con tus profesores. Haz clic en los enlaces: Gu\u00edas para los Estudiantes del Liceo Gabriela Mistral<\/p>\n","protected":false},"author":7,"featured_media":3935,"parent":0,"menu_order":0,"comment_status":"closed","ping_status":"closed","template":"","meta":{"pagelayer_contact_templates":[],"_pagelayer_content":"","footnotes":""},"class_list":["post-3934","page","type-page","status-publish","has-post-thumbnail","hentry"],"_links":{"self":[{"href":"https:\/\/www.liceoexperimentalgabrielamistral.cl\/index.php?rest_route=\/wp\/v2\/pages\/3934","targetHints":{"allow":["GET"]}}],"collection":[{"href":"https:\/\/www.liceoexperimentalgabrielamistral.cl\/index.php?rest_route=\/wp\/v2\/pages"}],"about":[{"href":"https:\/\/www.liceoexperimentalgabrielamistral.cl\/index.php?rest_route=\/wp\/v2\/types\/page"}],"author":[{"embeddable":true,"href":"https:\/\/www.liceoexperimentalgabrielamistral.cl\/index.php?rest_route=\/wp\/v2\/users\/7"}],"replies":[{"embeddable":true,"href":"https:\/\/www.liceoexperimentalgabrielamistral.cl\/index.php?rest_route=%2Fwp%2Fv2%2Fcomments&post=3934"}],"version-history":[{"count":7,"href":"https:\/\/www.liceoexperimentalgabrielamistral.cl\/index.php?rest_route=\/wp\/v2\/pages\/3934\/revisions"}],"predecessor-version":[{"id":4173,"href":"https:\/\/www.liceoexperimentalgabrielamistral.cl\/index.php?rest_route=\/wp\/v2\/pages\/3934\/revisions\/4173"}],"wp:featuredmedia":[{"embeddable":true,"href":"https:\/\/www.liceoexperimentalgabrielamistral.cl\/index.php?rest_route=\/wp\/v2\/media\/3935"}],"wp:attachment":[{"href":"https:\/\/www.liceoexperimentalgabrielamistral.cl\/index.php?rest_route=%2Fwp%2Fv2%2Fmedia&parent=3934"}],"curies":[{"name":"wp","href":"https:\/\/api.w.org\/{rel}","templated":true}]}}