{"id":406,"date":"2017-09-26T15:24:17","date_gmt":"2017-09-26T15:24:17","guid":{"rendered":"http:\/\/ovirtual.cl\/gm\/?page_id=406"},"modified":"2018-08-14T13:08:05","modified_gmt":"2018-08-14T13:08:05","slug":"protocolos","status":"publish","type":"page","link":"https:\/\/www.liceoexperimentalgabrielamistral.cl\/?page_id=406","title":{"rendered":"Protocolos"},"content":{"rendered":"<p>Los protocolos de actuaci\u00f3n elaborados por el Liceo permitir\u00e1n seguir un rumbo para<br \/>\nestablecer una regularidad en los procedimientos, adem\u00e1s de se\u00f1alar los principios de<br \/>\nacci\u00f3n ante determinadas situaciones de crisis, permitiendo la articulaci\u00f3n y<br \/>\ncoordinaci\u00f3n interinstitucional en torno a la protecci\u00f3n de la comunidad educativa, son<br \/>\nprocedimientos con indicaciones m\u00ednimas, guiadas por la unificaci\u00f3n de criterios en la<br \/>\nactuaci\u00f3n, estos acuerdos construyen herramientas para toda la comunidad educativa,<br \/>\npermiten mejorar la convivencia escolar, con el sustento legal y social que estas<br \/>\nacciones requieren, acciones algunas de ellas son de competencia exclusiva del Liceo,<br \/>\notras que incorporan otros contextos legales que son externos e independientes del<br \/>\nLiceo.<\/p>\n<p><img loading=\"lazy\" decoding=\"async\" class=\"alignnone \" src=\"http:\/\/www3.gobiernodecanarias.org\/medusa\/mediateca\/ecoescuela\/wp-content\/uploads\/sites\/2\/2013\/11\/07-Senal-de-emergencia-salida.png\" width=\"287\" height=\"287\" \/><\/p>\n<h1><a href=\"https:\/\/www.liceoexperimentalgabrielamistral.cl\/wp-content\/uploads\/2018\/08\/Protocolos-Liceo-Gabriela-Mistral.pdf\">Protocolos Liceo Gabriela Mistral<\/a><\/h1>\n","protected":false},"excerpt":{"rendered":"<p>Los protocolos de actuaci\u00f3n elaborados por el Liceo permitir\u00e1n seguir un rumbo para establecer una regularidad en los procedimientos, adem\u00e1s de se\u00f1alar los principios de acci\u00f3n ante determinadas situaciones de crisis, permitiendo la articulaci\u00f3n y coordinaci\u00f3n interinstitucional en torno a la protecci\u00f3n de la comunidad educativa, son procedimientos con indicaciones m\u00ednimas, guiadas por la unificaci\u00f3n [&hellip;]<\/p>\n","protected":false},"author":7,"featured_media":0,"parent":0,"menu_order":0,"comment_status":"closed","ping_status":"closed","template":"","meta":{"pagelayer_contact_templates":[],"_pagelayer_content":"","footnotes":""},"class_list":["post-406","page","type-page","status-publish","hentry"],"_links":{"self":[{"href":"https:\/\/www.liceoexperimentalgabrielamistral.cl\/index.php?rest_route=\/wp\/v2\/pages\/406","targetHints":{"allow":["GET"]}}],"collection":[{"href":"https:\/\/www.liceoexperimentalgabrielamistral.cl\/index.php?rest_route=\/wp\/v2\/pages"}],"about":[{"href":"https:\/\/www.liceoexperimentalgabrielamistral.cl\/index.php?rest_route=\/wp\/v2\/types\/page"}],"author":[{"embeddable":true,"href":"https:\/\/www.liceoexperimentalgabrielamistral.cl\/index.php?rest_route=\/wp\/v2\/users\/7"}],"replies":[{"embeddable":true,"href":"https:\/\/www.liceoexperimentalgabrielamistral.cl\/index.php?rest_route=%2Fwp%2Fv2%2Fcomments&post=406"}],"version-history":[{"count":2,"href":"https:\/\/www.liceoexperimentalgabrielamistral.cl\/index.php?rest_route=\/wp\/v2\/pages\/406\/revisions"}],"predecessor-version":[{"id":2390,"href":"https:\/\/www.liceoexperimentalgabrielamistral.cl\/index.php?rest_route=\/wp\/v2\/pages\/406\/revisions\/2390"}],"wp:attachment":[{"href":"https:\/\/www.liceoexperimentalgabrielamistral.cl\/index.php?rest_route=%2Fwp%2Fv2%2Fmedia&parent=406"}],"curies":[{"name":"wp","href":"https:\/\/api.w.org\/{rel}","templated":true}]}}