{"id":455,"date":"2017-09-26T20:07:27","date_gmt":"2017-09-26T20:07:27","guid":{"rendered":"http:\/\/ovirtual.cl\/gm\/?page_id=455"},"modified":"2021-05-07T17:11:38","modified_gmt":"2021-05-07T17:11:38","slug":"programacion","status":"publish","type":"page","link":"https:\/\/www.liceoexperimentalgabrielamistral.cl\/?page_id=455","title":{"rendered":"CALENDARIO ESCOLAR A\u00d1O 2021"},"content":{"rendered":"\n<p><strong>LICEO GABRIELA MISTRAL<\/strong><\/p>\n\n\n\n<p>El Calendario<strong> Escolar A\u00f1o 2021 para la Regi\u00f3n Metropolitana<\/strong>, seg\u00fan <strong>Resoluci\u00f3n Exenta N\u00b0 2251 <\/strong>del 15 de diciembre 2020, Art\u00edculo N\u00b0 23 <strong>Planificaci\u00f3n Anual. <\/strong>Los establecimientos educacionales, al elaborar su planificaci\u00f3n anual a\u00f1o 2021, podr\u00e1n considerar las siguientes actividades educativas, formativas y emocionales sin desmedro del cumplimiento de los planes y programas de estudio vigentes para cada establecimiento educacional en particular, que se se\u00f1alan:<\/p>\n\n\n\n<p><strong>I.- Planificaci\u00f3n Anual: actividades, hitos y efem\u00e9rides.<\/strong><\/p>\n\n\n\n<figure class=\"wp-block-table\"><table><tbody><tr><td><strong>MES<\/strong><\/td><td><strong>EFEMERIDE Y ACTIVIDADES EDUCATIVAS Y FORMATIVAS<\/strong><\/td><td><strong>FECHAS<\/strong><\/td><td><strong>RESPONSABLES<\/strong><\/td><\/tr><tr><td><strong>MARZO<\/strong><strong>Responsabilidad<\/strong><strong>Respeto<\/strong><\/td><td>Inicio a\u00f1o escolar con JECInicio a\u00f1o escolar Sin JECInicio a\u00f1o escolar IV\u00b0 medio&nbsp;<\/td><td>4 de marzo<\/td><td>Equipo de gesti\u00f3n.<\/td><\/tr><tr><td>Dia internacional de la mujer&nbsp;<\/td><td>8 de marzo<\/td><td>Convivencia escolar y orientaci\u00f3n.<\/td><\/tr><tr><td>Primera sesi\u00f3n del consejo escolar<\/td><td>30 de marzo<\/td><td>Equipo directivo y de gesti\u00f3n.<\/td><\/tr><tr><td>Cuenta p\u00fablica del establecimiento educacional<\/td><td>31 de marzo<\/td><td>Director<\/td><\/tr><tr><td><strong>ABRIL<\/strong><strong>&nbsp;Identidad Institucional y Convivencia Escolar<\/strong><\/td><td>Mes de la convivencia escolar (buen trato, ciber bulling y autocuidado)<\/td><td>Del 1 al 30 de abril<\/td><td>Equipo de convivencia escolar<\/td><\/tr><tr><td>D\u00eda de la actividad F\u00edsica&nbsp;<\/td><td>6 de abril<\/td><td>Departamento de educaci\u00f3n f\u00edsica<\/td><\/tr><tr><td>D\u00eda de la educaci\u00f3n rural \/ Natalicio de Gabriela Mistral<\/td><td>7 de abril<\/td><td><\/td><\/tr><tr><td>Revisi\u00f3n de planilla estrat\u00e9gica PME<\/td><td>9 de abril<\/td><td>Equipo directivo y de gesti\u00f3n<\/td><\/tr><tr><td>D\u00eda mundial del libro y el derecho de autor<\/td><td>23 de abril&nbsp;<\/td><td>Departamento de lenguaje<\/td><\/tr><tr><td><strong>MAYO<\/strong><strong>&nbsp;&nbsp;&nbsp;&nbsp;&nbsp;&nbsp;&nbsp;&nbsp;&nbsp;&nbsp;&nbsp;&nbsp;&nbsp;&nbsp;&nbsp;&nbsp;&nbsp;&nbsp;&nbsp;&nbsp;Creatividad<\/strong><br><br><br><br><br><br><br><br><\/td><td>FERIADO CIVIL, DIA DEL TRABAJO.<\/td><td>1 de mayo<\/td><td><\/td><\/tr><tr><td>D\u00eda del Estudiante.<\/td><td>11 de mayo<\/td><td>Comunidad educativa<\/td><\/tr><tr><td>D\u00eda Internacional contra la Discriminaci\u00f3n por la Orientaci\u00f3n Sexual e Identidad de G\u00e9nero.<\/td><td>17 de mayo<\/td><td>Orientaci\u00f3n<\/td><\/tr><tr><td>Semana de la Seguridad Escolar.<\/td><td>Del 24 al 28 de mayo<\/td><td>Equipo de seguridad escolar<\/td><\/tr><tr><td>D\u00eda del Patrimonio cultural de Chile.<\/td><td>29 de mayo&nbsp;<\/td><td>Departamento de artes visuales&nbsp;<\/td><\/tr><tr><td><strong>JUNIO<\/strong><br><strong>Respeto Al Medio Ambiente<\/strong><\/td><td>D\u00eda Mundial del Medio Ambiente. (departamento ciencias)<\/td><td>5 de junio&nbsp;<\/td><td>Departamento de ciencias<\/td><\/tr><tr><td>D\u00eda de los Pueblos Originarios.<\/td><td>24 de junio&nbsp;<\/td><td>Departamento de historia<\/td><\/tr><tr><td>D\u00eda Nacional de la Prevenci\u00f3n del Consumo de Drogas<\/td><td>26 de junio<\/td><td>Orientaci\u00f3n&nbsp;<\/td><\/tr><tr><td>FERIADO RELIGIOSO. SAN PEDRO Y SAN PABLO<\/td><td>28 de junio<\/td><td><\/td><\/tr><tr><td><strong>JULIO<\/strong><\/td><td>D\u00eda Internacional Sin Bolsa Pl\u00e1stica.<\/td><td>03 de julio<\/td><td>Departamento de ciencias<\/td><\/tr><tr><td>D\u00eda de la Amistad.<\/td><td>30 de julio<\/td><td>orientaci\u00f3n<\/td><\/tr><tr><td><strong>AGOSTO<\/strong><strong>Solidaridad<\/strong><\/td><td>D\u00eda de los DDHH y los principios de igualdad y no discriminaci\u00f3n.<\/td><td>14 de agosto<\/td><td>Convivencia escolar<\/td><\/tr><tr><td><strong>SEPTIEMBRE<\/strong><strong>Identidad Nacional.&nbsp;<\/strong><\/td><td>D\u00eda Internacional de la Democracia.<\/td><td>15 de septiembre<\/td><td>Departamento de historia<\/td><\/tr><tr><td>Fiestas patrias&nbsp;<\/td><td>17 y 18 de septiembre<\/td><td>Comunidad gabrielina<\/td><\/tr><tr><td>D\u00eda Internacional de la Paz.<\/td><td>21 de septiembre<\/td><td>Orientaci\u00f3n<\/td><\/tr><tr><td><strong>OCTUBRE<\/strong><br><strong>Interculturalidad, Inclusi\u00f3n e Integraci\u00f3n<\/strong><\/td><td>D\u00eda de los Asistentes de la Educaci\u00f3n.<\/td><td>01 de octubre<\/td><td>Equipo de gesti\u00f3n y docentes<\/td><\/tr><tr><td>D\u00eda Mundial de los Animales.<\/td><td>04 de octubre<\/td><td>Equipo animalista por formar&nbsp;<\/td><\/tr><tr><td>Simulacro de emergencias: sismo.<\/td><td>07 de octubre<\/td><td>Equipo de seguridad escolar<\/td><\/tr><tr><td>FERIADO CIVIL. Encuentro de Dos Mundos (Intercambio Intercultural).<\/td><td>12 de octubre<\/td><td>Departamento de historia y convivencia escolar<\/td><\/tr><tr><td>Semana nacional de la ciencia y la tecnolog\u00eda.Reto del huevo<\/td><td><br>Semana del 11 al 15 de octubre<\/td><td>Departamento de ciencias y Artes y tecnolog\u00eda&nbsp;<\/td><\/tr><tr><td>DIA DEL PROFESOR Y PROFESORA.<\/td><td>16 de octubre<\/td><td>Equipo de gesti\u00f3n&nbsp;<\/td><\/tr><tr><td><br><br><br><br>APLICACI\u00d3N SIMCE<\/td><td>ser\u00e1 comunicada oportunamente a los establecimientos educacionales por la Secretar\u00eda Regional Ministerial, y publicada en la p\u00e1gina institucional de la Agencia de la Calidad de la Educaci\u00f3n.<\/td><td>UTP<\/td><\/tr><tr><td><strong>NOVIEMBRE<\/strong><strong>Diversidad<\/strong><br><br><\/td><td>D\u00eda de los Derechos del Ni\u00f1o.<\/td><td>20 de noviembre<\/td><td>Convivencia escolar y departamentos<\/td><\/tr><tr><td>D\u00eda de la Educaci\u00f3n Parvularia y del (la) Educador(a) de P\u00e1rvulos. (saludo).<\/td><td>22 de noviembre<\/td><td>Equipo de gesti\u00f3n y departamentos<\/td><\/tr><tr><td>Termino a\u00f1o lectivo educaci\u00f3n de j\u00f3venes y adultos.<\/td><td>24 de noviembre<\/td><td><\/td><\/tr><tr><td>D\u00eda Internacional de la Eliminaci\u00f3n de la Violencia contra la Mujer.<\/td><td>25 de noviembre<\/td><td>Convivencia escolar ,orientaci\u00f3n y departamentos<\/td><\/tr><tr><td><strong>Diciembre<\/strong><strong>&nbsp;&nbsp;&nbsp;&nbsp;&nbsp;&nbsp;&nbsp;Paz<\/strong><br><br><br><br><br><br><br><br><br><br><br><br><\/td><td>D\u00eda Nacional de la Inclusi\u00f3n Social y la No Discriminaci\u00f3n.&nbsp;<\/td><td>3 de diciembre<\/td><td>Convivencia escolar y departamentos<\/td><\/tr><tr><td>T\u00e9rmino del a\u00f1o lectivo con JECT\u00e9rmino del a\u00f1o lectivo sin JECT\u00e9rmino del a\u00f1o lectivo IV\u00b0 medio.<\/td><td>9 de diciembre<\/td><td><\/td><\/tr><tr><td>D\u00eda Internacional del Migrante.<\/td><td>18 &nbsp; de diciembre<\/td><td>Orientaci\u00f3n y convivencia escolar<\/td><\/tr><tr><td><br><br>APLICACI\u00d3N DE PRUEBA DE TRANSICI\u00d3N UNIVERSITARIA (PTU)<\/td><td>Sera comunicada oportunamente por el ministerio de educaci\u00f3n a trav\u00e9s de sus plataformas digitales oficiales.<\/td><td><\/td><\/tr><\/tbody><\/table><\/figure>\n","protected":false},"excerpt":{"rendered":"<p>LICEO GABRIELA MISTRAL El Calendario Escolar A\u00f1o 2021 para la Regi\u00f3n Metropolitana, seg\u00fan Resoluci\u00f3n Exenta N\u00b0 2251 del 15 de diciembre 2020, Art\u00edculo N\u00b0 23 Planificaci\u00f3n Anual. Los establecimientos educacionales, al elaborar su planificaci\u00f3n anual a\u00f1o 2021, podr\u00e1n considerar las siguientes actividades educativas, formativas y emocionales sin desmedro del cumplimiento de los planes y programas [&hellip;]<\/p>\n","protected":false},"author":7,"featured_media":3933,"parent":0,"menu_order":0,"comment_status":"closed","ping_status":"closed","template":"","meta":{"pagelayer_contact_templates":[],"_pagelayer_content":"","footnotes":""},"class_list":["post-455","page","type-page","status-publish","has-post-thumbnail","hentry"],"_links":{"self":[{"href":"https:\/\/www.liceoexperimentalgabrielamistral.cl\/index.php?rest_route=\/wp\/v2\/pages\/455","targetHints":{"allow":["GET"]}}],"collection":[{"href":"https:\/\/www.liceoexperimentalgabrielamistral.cl\/index.php?rest_route=\/wp\/v2\/pages"}],"about":[{"href":"https:\/\/www.liceoexperimentalgabrielamistral.cl\/index.php?rest_route=\/wp\/v2\/types\/page"}],"author":[{"embeddable":true,"href":"https:\/\/www.liceoexperimentalgabrielamistral.cl\/index.php?rest_route=\/wp\/v2\/users\/7"}],"replies":[{"embeddable":true,"href":"https:\/\/www.liceoexperimentalgabrielamistral.cl\/index.php?rest_route=%2Fwp%2Fv2%2Fcomments&post=455"}],"version-history":[{"count":1,"href":"https:\/\/www.liceoexperimentalgabrielamistral.cl\/index.php?rest_route=\/wp\/v2\/pages\/455\/revisions"}],"predecessor-version":[{"id":3931,"href":"https:\/\/www.liceoexperimentalgabrielamistral.cl\/index.php?rest_route=\/wp\/v2\/pages\/455\/revisions\/3931"}],"wp:featuredmedia":[{"embeddable":true,"href":"https:\/\/www.liceoexperimentalgabrielamistral.cl\/index.php?rest_route=\/wp\/v2\/media\/3933"}],"wp:attachment":[{"href":"https:\/\/www.liceoexperimentalgabrielamistral.cl\/index.php?rest_route=%2Fwp%2Fv2%2Fmedia&parent=455"}],"curies":[{"name":"wp","href":"https:\/\/api.w.org\/{rel}","templated":true}]}}