{"id":6138,"date":"2024-03-19T19:00:17","date_gmt":"2024-03-19T19:00:17","guid":{"rendered":"https:\/\/www.liceoexperimentalgabrielamistral.cl\/?page_id=6138"},"modified":"2024-03-20T18:27:29","modified_gmt":"2024-03-20T18:27:29","slug":"profesores-coordinadores","status":"publish","type":"page","link":"https:\/\/www.liceoexperimentalgabrielamistral.cl\/?page_id=6138","title":{"rendered":"Profesores Coordinadores"},"content":{"rendered":"\n<p><strong>Educaci\u00f3n b\u00e1sica:<\/strong><\/p>\n\n\n\n<p>Alejandra Yulas<\/p>\n\n\n\n<p>Nicole Campos.<\/p>\n\n\n\n<p>Jaqueline cabera<\/p>\n\n\n\n<p>Silvina Mardones<\/p>\n\n\n\n<p><strong>Educaci\u00f3n Media<\/strong><\/p>\n","protected":false},"excerpt":{"rendered":"<p>Educaci\u00f3n b\u00e1sica: Alejandra Yulas Nicole Campos. Jaqueline cabera Silvina Mardones Educaci\u00f3n Media<\/p>\n","protected":false},"author":7,"featured_media":0,"parent":0,"menu_order":0,"comment_status":"closed","ping_status":"closed","template":"","meta":{"pagelayer_contact_templates":[],"_pagelayer_content":"","footnotes":""},"class_list":["post-6138","page","type-page","status-publish","hentry"],"_links":{"self":[{"href":"https:\/\/www.liceoexperimentalgabrielamistral.cl\/index.php?rest_route=\/wp\/v2\/pages\/6138","targetHints":{"allow":["GET"]}}],"collection":[{"href":"https:\/\/www.liceoexperimentalgabrielamistral.cl\/index.php?rest_route=\/wp\/v2\/pages"}],"about":[{"href":"https:\/\/www.liceoexperimentalgabrielamistral.cl\/index.php?rest_route=\/wp\/v2\/types\/page"}],"author":[{"embeddable":true,"href":"https:\/\/www.liceoexperimentalgabrielamistral.cl\/index.php?rest_route=\/wp\/v2\/users\/7"}],"replies":[{"embeddable":true,"href":"https:\/\/www.liceoexperimentalgabrielamistral.cl\/index.php?rest_route=%2Fwp%2Fv2%2Fcomments&post=6138"}],"version-history":[{"count":3,"href":"https:\/\/www.liceoexperimentalgabrielamistral.cl\/index.php?rest_route=\/wp\/v2\/pages\/6138\/revisions"}],"predecessor-version":[{"id":6151,"href":"https:\/\/www.liceoexperimentalgabrielamistral.cl\/index.php?rest_route=\/wp\/v2\/pages\/6138\/revisions\/6151"}],"wp:attachment":[{"href":"https:\/\/www.liceoexperimentalgabrielamistral.cl\/index.php?rest_route=%2Fwp%2Fv2%2Fmedia&parent=6138"}],"curies":[{"name":"wp","href":"https:\/\/api.w.org\/{rel}","templated":true}]}}