{"id":810,"date":"2017-11-06T12:27:20","date_gmt":"2017-11-06T12:27:20","guid":{"rendered":"http:\/\/ovirtual.cl\/gm\/?page_id=810"},"modified":"2018-11-07T14:16:18","modified_gmt":"2018-11-07T14:16:18","slug":"mision-vision-y-sellos","status":"publish","type":"page","link":"https:\/\/www.liceoexperimentalgabrielamistral.cl\/?page_id=810","title":{"rendered":"Misi\u00f3n, Visi\u00f3n y Sellos"},"content":{"rendered":"<h2>Sellos<\/h2>\n<p>\u2022 Liceo que retoma su identidad hist\u00f3rica e incorpora los<br \/>\nactuales desaf\u00edos educativos para formar estudiantes en ciudadanas y ciudadanos cr\u00edticos, dentro de un contexto participativo y<br \/>\ndemocr\u00e1tico.<\/p>\n<p>\u2022 Liceo que posibilita el desarrollo de pr\u00e1cticas pedag\u00f3gicas<br \/>\ninnovadoras, las que permiten incorporar los distintos<br \/>\nsaberes de los estudiantes al quehacer pedag\u00f3gico en un<br \/>\ncontexto intercultural.<\/p>\n<h2>Misi\u00f3n<\/h2>\n<p>Formar ciudadanas y ciudadanos, potenciando todas sus capacidades<br \/>\ny habilidades en un ambiente de respeto, participaci\u00f3n,<br \/>\nacogida y solidez acad\u00e9mica. Fomentando una actitud<br \/>\ncr\u00edtica, solidaria y con un fuerte \u00e9nfasis en el desarrollo<br \/>\npersonal-social, que permita a las y los estudiantes poseer<br \/>\ncompetencias, valores y actitudes para abordar los desaf\u00edos<br \/>\nde la sociedad actual, mediante una intencionalidad<br \/>\npedag\u00f3gica innovadora, din\u00e1mica y<br \/>\ncontextualizada.<\/p>\n<h2>Visi\u00f3n<\/h2>\n<p>Instituci\u00f3n escolar cient\u00edfico-humanista que se constituye<br \/>\nen una comunidad de aprendizaje socio-constructivista,<br \/>\ncon foco en la interacci\u00f3n pedag\u00f3gica en un marco<br \/>\nparticipativo y democr\u00e1tico; con un s\u00f3lido proceso de<br \/>\nformaci\u00f3n integral que contribuya a la formaci\u00f3n de<br \/>\npersonas libres, ciudadanas y ciudadanos responsables, cr\u00edticos,<br \/>\npropositivos, sensibles a la realidad que les rodea y<br \/>\nparticipantes activos en el proceso de construcci\u00f3n de una<br \/>\nsociedad m\u00e1s justa.<\/p>\n<h1><\/h1>\n","protected":false},"excerpt":{"rendered":"<p>Sellos \u2022 Liceo que retoma su identidad hist\u00f3rica e incorpora los actuales desaf\u00edos educativos para formar estudiantes en ciudadanas y ciudadanos cr\u00edticos, dentro de un contexto participativo y democr\u00e1tico. \u2022 Liceo que posibilita el desarrollo de pr\u00e1cticas pedag\u00f3gicas innovadoras, las que permiten incorporar los distintos saberes de los estudiantes al quehacer pedag\u00f3gico en un contexto [&hellip;]<\/p>\n","protected":false},"author":7,"featured_media":0,"parent":0,"menu_order":0,"comment_status":"closed","ping_status":"closed","template":"","meta":{"pagelayer_contact_templates":[],"_pagelayer_content":"","footnotes":""},"class_list":["post-810","page","type-page","status-publish","hentry"],"_links":{"self":[{"href":"https:\/\/www.liceoexperimentalgabrielamistral.cl\/index.php?rest_route=\/wp\/v2\/pages\/810","targetHints":{"allow":["GET"]}}],"collection":[{"href":"https:\/\/www.liceoexperimentalgabrielamistral.cl\/index.php?rest_route=\/wp\/v2\/pages"}],"about":[{"href":"https:\/\/www.liceoexperimentalgabrielamistral.cl\/index.php?rest_route=\/wp\/v2\/types\/page"}],"author":[{"embeddable":true,"href":"https:\/\/www.liceoexperimentalgabrielamistral.cl\/index.php?rest_route=\/wp\/v2\/users\/7"}],"replies":[{"embeddable":true,"href":"https:\/\/www.liceoexperimentalgabrielamistral.cl\/index.php?rest_route=%2Fwp%2Fv2%2Fcomments&post=810"}],"version-history":[{"count":6,"href":"https:\/\/www.liceoexperimentalgabrielamistral.cl\/index.php?rest_route=\/wp\/v2\/pages\/810\/revisions"}],"predecessor-version":[{"id":2817,"href":"https:\/\/www.liceoexperimentalgabrielamistral.cl\/index.php?rest_route=\/wp\/v2\/pages\/810\/revisions\/2817"}],"wp:attachment":[{"href":"https:\/\/www.liceoexperimentalgabrielamistral.cl\/index.php?rest_route=%2Fwp%2Fv2%2Fmedia&parent=810"}],"curies":[{"name":"wp","href":"https:\/\/api.w.org\/{rel}","templated":true}]}}