{"id":955,"date":"2017-11-21T03:05:47","date_gmt":"2017-11-21T03:05:47","guid":{"rendered":"http:\/\/ovirtual.cl\/gm\/?page_id=955"},"modified":"2022-05-16T19:14:58","modified_gmt":"2022-05-16T19:14:58","slug":"proyecto-educativo-institucional-pei","status":"publish","type":"page","link":"https:\/\/www.liceoexperimentalgabrielamistral.cl\/?page_id=955","title":{"rendered":"Proyecto Educativo Institucional (PEI)"},"content":{"rendered":"<p>El Proyecto Educativo Institucional es el instrumento que define y comanda el tipo y caracter\u00edsticas de la oferta educativa de cada establecimiento, en atenci\u00f3n a su aporte al sistema educativo local, a trav\u00e9s de la formaci\u00f3n de personas, del cumplimiento de las obligaciones normativas en relaci\u00f3n a la educaci\u00f3n p\u00fablica, de la definici\u00f3n de una visi\u00f3n y una misi\u00f3n institucional y adem\u00e1s de una coherencia con el perfil de sus miembros.<\/p>\n<p><a href=\"http:\/\/ovirtual.cl\/gm\/proyecto-educativo-institucional-pei\/img_20170911_120710\/\" rel=\"attachment wp-att-960\"><img loading=\"lazy\" decoding=\"async\" class=\"size-medium wp-image-960 alignnone\" src=\"http:\/\/ovirtual.cl\/gm\/wp-content\/uploads\/2017\/11\/IMG_20170911_120710-300x168.jpg\" alt=\"\" width=\"300\" height=\"168\" srcset=\"https:\/\/www.liceoexperimentalgabrielamistral.cl\/wp-content\/uploads\/2017\/11\/IMG_20170911_120710-300x168.jpg 300w, https:\/\/www.liceoexperimentalgabrielamistral.cl\/wp-content\/uploads\/2017\/11\/IMG_20170911_120710-768x431.jpg 768w, https:\/\/www.liceoexperimentalgabrielamistral.cl\/wp-content\/uploads\/2017\/11\/IMG_20170911_120710-1024x575.jpg 1024w\" sizes=\"auto, (max-width: 300px) 100vw, 300px\" \/><\/a><\/p>\n<p>En tanto este instrumento de gesti\u00f3n educativa, debe constituirse en uno que contenga definiciones, objetivos y metas compartidas por todos los miembros de la comunidad a qui\u00e9n sirve. En el caso particular de la educaci\u00f3n p\u00fablica municipal, debe responder tambi\u00e9n a la normativa nacional que regula el espacio educativo, a las orientaciones de pol\u00edtica nacional o local y considerar las condiciones del contexto territorial en que se desenvuelve.<\/p>\n<h1>PEI en PDF.<\/h1>\n<p>\u00a0<\/p>\n\n\n<div data-wp-interactive=\"core\/file\" class=\"wp-block-file\"><object data-wp-bind--hidden=\"!state.hasPdfPreview\" hidden class=\"wp-block-file__embed\" data=\"https:\/\/www.liceoexperimentalgabrielamistral.cl\/wp-content\/uploads\/2022\/05\/PEI-LGMdoc.docx.pdf\" type=\"application\/pdf\" style=\"width:100%;height:600px\" aria-label=\"Incrustado de Incrustado de PEI-LGMdoc.docx..\"><\/object><a id=\"wp-block-file--media-83310a29-535d-4f2f-953f-abc095dbc2e3\" href=\"https:\/\/www.liceoexperimentalgabrielamistral.cl\/wp-content\/uploads\/2022\/05\/PEI-LGMdoc.docx.pdf\">PEI-LGMdoc.docx<\/a><a href=\"https:\/\/www.liceoexperimentalgabrielamistral.cl\/wp-content\/uploads\/2022\/05\/PEI-LGMdoc.docx.pdf\" class=\"wp-block-file__button\" download aria-describedby=\"wp-block-file--media-83310a29-535d-4f2f-953f-abc095dbc2e3\">Descarga<\/a><\/div>\n","protected":false},"excerpt":{"rendered":"<p>El Proyecto Educativo Institucional es el instrumento que define y comanda el tipo y caracter\u00edsticas de la oferta educativa de cada establecimiento, en atenci\u00f3n a su aporte al sistema educativo local, a trav\u00e9s de la formaci\u00f3n de personas, del cumplimiento de las obligaciones normativas en relaci\u00f3n a la educaci\u00f3n p\u00fablica, de la definici\u00f3n de una [&hellip;]<\/p>\n","protected":false},"author":7,"featured_media":0,"parent":0,"menu_order":0,"comment_status":"closed","ping_status":"closed","template":"","meta":{"pagelayer_contact_templates":[],"_pagelayer_content":"","footnotes":""},"class_list":["post-955","page","type-page","status-publish","hentry"],"_links":{"self":[{"href":"https:\/\/www.liceoexperimentalgabrielamistral.cl\/index.php?rest_route=\/wp\/v2\/pages\/955","targetHints":{"allow":["GET"]}}],"collection":[{"href":"https:\/\/www.liceoexperimentalgabrielamistral.cl\/index.php?rest_route=\/wp\/v2\/pages"}],"about":[{"href":"https:\/\/www.liceoexperimentalgabrielamistral.cl\/index.php?rest_route=\/wp\/v2\/types\/page"}],"author":[{"embeddable":true,"href":"https:\/\/www.liceoexperimentalgabrielamistral.cl\/index.php?rest_route=\/wp\/v2\/users\/7"}],"replies":[{"embeddable":true,"href":"https:\/\/www.liceoexperimentalgabrielamistral.cl\/index.php?rest_route=%2Fwp%2Fv2%2Fcomments&post=955"}],"version-history":[{"count":3,"href":"https:\/\/www.liceoexperimentalgabrielamistral.cl\/index.php?rest_route=\/wp\/v2\/pages\/955\/revisions"}],"predecessor-version":[{"id":5031,"href":"https:\/\/www.liceoexperimentalgabrielamistral.cl\/index.php?rest_route=\/wp\/v2\/pages\/955\/revisions\/5031"}],"wp:attachment":[{"href":"https:\/\/www.liceoexperimentalgabrielamistral.cl\/index.php?rest_route=%2Fwp%2Fv2%2Fmedia&parent=955"}],"curies":[{"name":"wp","href":"https:\/\/api.w.org\/{rel}","templated":true}]}}